{"id":1289,"date":"2018-10-23T09:32:35","date_gmt":"2018-10-23T07:32:35","guid":{"rendered":"http:\/\/wp.hitscherhof.de\/home\/"},"modified":"2024-09-06T10:57:47","modified_gmt":"2024-09-06T08:57:47","slug":"home","status":"publish","type":"page","link":"https:\/\/www.hitscherhof.com\/en\/","title":{"rendered":"Home"},"content":{"rendered":"<div class=\"wpb-content-wrapper\"><p>[vc_row css_animation=&#8221;&#8221; row_type=&#8221;row&#8221; use_row_as_full_screen_section=&#8221;no&#8221; type=&#8221;full_width&#8221; angled_section=&#8221;no&#8221; text_align=&#8221;left&#8221; background_image_as_pattern=&#8221;without_pattern&#8221;][vc_column][rev_slider_vc alias=&#8221;home&#8221;][\/vc_column][\/vc_row][vc_row css_animation=&#8221;&#8221; row_type=&#8221;row&#8221; use_row_as_full_screen_section=&#8221;no&#8221; type=&#8221;full_width&#8221; angled_section=&#8221;no&#8221; text_align=&#8221;center&#8221; background_image_as_pattern=&#8221;without_pattern&#8221; z_index=&#8221;&#8221; css=&#8221;.vc_custom_1520868967488{padding-top: 76px !important;padding-bottom: 48px !important;}&#8221;][vc_column][vc_single_image image=&#8221;6&#8243; img_size=&#8221;full&#8221; alignment=&#8221;center&#8221; qode_css_animation=&#8221;&#8221;][vc_empty_space height=&#8221;19px&#8221;][vc_column_text]<\/p>\n<h1 style=\"text-align: center;\">Welcome to the Hitscherhof<\/h1>\n<p>[\/vc_column_text][\/vc_column][\/vc_row][vc_row css_animation=&#8221;&#8221; row_type=&#8221;row&#8221; use_row_as_full_screen_section=&#8221;no&#8221; type=&#8221;grid&#8221; angled_section=&#8221;no&#8221; text_align=&#8221;center&#8221; background_image_as_pattern=&#8221;without_pattern&#8221; z_index=&#8221;&#8221; css=&#8221;.vc_custom_1520870085389{padding-bottom: 110px !important;}&#8221;][vc_column css=&#8221;.vc_custom_1520931323397{padding-right: 10px !important;padding-bottom: 10px !important;padding-left: 10px !important;}&#8221; offset=&#8221;vc_col-md-4&#8243;][qode_elements_holder number_of_columns=&#8221;one_column&#8221;][qode_elements_holder_item advanced_animations=&#8221;no&#8221; background_color=&#8221;#ffffff&#8221; item_padding=&#8221;15px&#8221; custom_class=&#8221;eh-with-shadow&#8221;][vc_single_image image=&#8221;207&#8243; img_size=&#8221;full&#8221; alignment=&#8221;center&#8221; onclick=&#8221;custom_link&#8221; qode_css_animation=&#8221;&#8221; link=&#8221;https:\/\/www.hitscherhof.com\/en\/pension\/&#8221;][vc_empty_space height=&#8221;37px&#8221;][vc_column_text]<\/p>\n<h3>Bed &amp; Breakfast Farmhouse Fischer<\/h3>\n<p>[\/vc_column_text][vc_separator type=&#8221;small&#8221; position=&#8221;center&#8221; color=&#8221;#c29a44&#8243; thickness=&#8221;3&#8243; width=&#8221;36&#8243; up=&#8221;15&#8243; down=&#8221;20&#8243;][vc_column_text]<\/p>\n<div style=\"padding: 0px 4%;\">We invite you to stay in our family-owned Bed &amp; Breakfast located in a quiet rural area. Of course recommended by LandReise.de, here the focus is on rest and relaxation in the countryside.<\/div>\n<p>[\/vc_column_text][vc_empty_space height=&#8221;23px&#8221;][\/qode_elements_holder_item][\/qode_elements_holder][\/vc_column][vc_column css=&#8221;.vc_custom_1520931327487{padding-right: 10px !important;padding-bottom: 10px !important;padding-left: 10px !important;}&#8221; offset=&#8221;vc_col-md-4&#8243;][qode_elements_holder number_of_columns=&#8221;one_column&#8221;][qode_elements_holder_item advanced_animations=&#8221;no&#8221; background_color=&#8221;#ffffff&#8221; item_padding=&#8221;15px&#8221; custom_class=&#8221;eh-with-shadow&#8221;][vc_single_image image=&#8221;211&#8243; img_size=&#8221;full&#8221; alignment=&#8221;center&#8221; onclick=&#8221;custom_link&#8221; qode_css_animation=&#8221;&#8221; link=&#8221;https:\/\/www.hitscherhof.com\/en\/fischer-lawn\/&#8221;][vc_empty_space height=&#8221;37px&#8221;][vc_column_text]<\/p>\n<h3>Fischer Turf &#8211; The SPECIAL Green<\/h3>\n<p>[\/vc_column_text][vc_separator type=&#8221;small&#8221; position=&#8221;center&#8221; color=&#8221;#c29a44&#8243; thickness=&#8221;3&#8243; width=&#8221;36&#8243; up=&#8221;15&#8243; down=&#8221;20&#8243;][vc_column_text]<\/p>\n<div style=\"padding: 0px 4%;\">Get your new lawn fast and professional. It has never been easier to get new lawn in your Garden. And you will be excited how fast it grows. We are your partner for your lawn.<\/div>\n<p>[\/vc_column_text][vc_empty_space height=&#8221;23px&#8221;][\/qode_elements_holder_item][\/qode_elements_holder][\/vc_column][vc_column css=&#8221;.vc_custom_1520931331452{padding-right: 10px !important;padding-bottom: 10px !important;padding-left: 10px !important;}&#8221; offset=&#8221;vc_col-md-4&#8243;][qode_elements_holder number_of_columns=&#8221;one_column&#8221;][qode_elements_holder_item advanced_animations=&#8221;no&#8221; background_color=&#8221;#ffffff&#8221; item_padding=&#8221;15px&#8221; custom_class=&#8221;eh-with-shadow&#8221;][vc_single_image image=&#8221;214&#8243; img_size=&#8221;full&#8221; alignment=&#8221;center&#8221; onclick=&#8221;custom_link&#8221; qode_css_animation=&#8221;&#8221; link=&#8221;https:\/\/www.hitscherhof.com\/en\/farmers-outlet\/&#8221;][vc_empty_space height=&#8221;37px&#8221;][vc_column_text]<\/p>\n<h3>Farmers Outlet Hitscherhof<\/h3>\n<p>[\/vc_column_text][vc_separator type=&#8221;small&#8221; position=&#8221;center&#8221; color=&#8221;#c29a44&#8243; thickness=&#8221;3&#8243; width=&#8221;36&#8243; up=&#8221;15&#8243; down=&#8221;20&#8243;][vc_column_text]<\/p>\n<div style=\"padding: 0px 4%;\">Discover our Farmers Outlet with more than 30 kinds of Pumpkins, fresh sweet corn and our LandART Showroom, which will inspire you with new ideas.<\/div>\n<p>[\/vc_column_text][vc_empty_space height=&#8221;23px&#8221;][\/qode_elements_holder_item][\/qode_elements_holder][\/vc_column][\/vc_row][vc_row css_animation=&#8221;&#8221; row_type=&#8221;row&#8221; use_row_as_full_screen_section=&#8221;no&#8221; type=&#8221;full_width&#8221; angled_section=&#8221;no&#8221; text_align=&#8221;left&#8221; background_image_as_pattern=&#8221;without_pattern&#8221;][vc_column][\/vc_column][\/vc_row][vc_row css_animation=&#8221;&#8221; row_type=&#8221;row&#8221; use_row_as_full_screen_section=&#8221;no&#8221; type=&#8221;full_width&#8221; angled_section=&#8221;no&#8221; text_align=&#8221;center&#8221; background_image_as_pattern=&#8221;without_pattern&#8221; z_index=&#8221;&#8221;][vc_column][qode_elements_holder number_of_columns=&#8221;one_column&#8221;][qode_elements_holder_item horizontal_alignment=&#8221;center&#8221; advanced_animations=&#8221;no&#8221; background_image=&#8221;217&#8243; item_padding=&#8221;225px 0px&#8221;][\/qode_elements_holder_item][\/qode_elements_holder][\/vc_column][\/vc_row][vc_row css_animation=&#8221;&#8221; row_type=&#8221;row&#8221; use_row_as_full_screen_section=&#8221;no&#8221; type=&#8221;grid&#8221; angled_section=&#8221;no&#8221; text_align=&#8221;left&#8221; background_image_as_pattern=&#8221;without_pattern&#8221; z_index=&#8221;&#8221; css=&#8221;.vc_custom_1517319088289{padding-top: 120px !important;}&#8221;][vc_column][vc_single_image image=&#8221;6&#8243; img_size=&#8221;full&#8221; alignment=&#8221;center&#8221; qode_css_animation=&#8221;&#8221;][vc_empty_space height=&#8221;19px&#8221;][vc_column_text]<\/p>\n<h1 style=\"text-align: center;\">THE Farm in the Heart of the Pfaelzer Wald<\/h1>\n<p>[\/vc_column_text][vc_empty_space][\/vc_column][\/vc_row][vc_row css_animation=&#8221;&#8221; row_type=&#8221;row&#8221; use_row_as_full_screen_section=&#8221;no&#8221; type=&#8221;full_width&#8221; angled_section=&#8221;no&#8221; text_align=&#8221;left&#8221; background_image_as_pattern=&#8221;without_pattern&#8221;][vc_column width=&#8221;1\/2&#8243;][vc_column_text css=&#8221;.vc_custom_1695550181878{padding-left: 10px !important;}&#8221;]<\/p>\n<h2>Family, traditional, relaxing<\/h2>\n<p>  HITSCHERHOF, which belongs to the municipality of Ma\u00dfweiler, is located between the towns of Thaleischweiler-Fr\u00f6schen and Rieschweiler-M\u00fchlbach in the district of Pirmasens. The first house in our settlement was built 700 years ago on a hill in the Schwarzbachtal. In this diverse landscape, the HITSCHERHOF has developed. The barren hilltops and the treed valleys are typical for this region. Typical for the region are the open ridges and wooded valley slopes. Since 1993, an <a title=\"First golf club West Palatinate\" href=\"http:\/\/www.erster-golfclub-westpfalz.de\/\" target=\"_blank\" rel=\"noopener noreferrer\">18-hole golf course<\/a> has been harmoniously integrated into the area at the HITSCHERHOF. Become curious? Click through our page. We warmly welcome you.<\/p>\n<p>[\/vc_column_text][\/vc_column][vc_column width=&#8221;1\/2&#8243;][vc_raw_html]PGlmcmFtZSBzcmM9Imh0dHBzOi8vd3d3LmFyZG1lZGlhdGhlay5kZS9lbWJlZC9ZM0pwWkRvdkwzTjNjaTVrWlM5aFpYZ3ZiekU1TWpjME16YyIgd2lkdGg9IjY0MCIgaGVpZ2h0PSIzNjAiIGFsbG93ZnVsbHNjcmVlbj0iIiBmcmFtZWJvcmRlcj0iMCIgc2Nyb2xsaW5nPSJubyI+PC9pZnJhbWU+[\/vc_raw_html][\/vc_column][\/vc_row][vc_row css_animation=&#8221;&#8221; row_type=&#8221;row&#8221; use_row_as_full_screen_section=&#8221;no&#8221; type=&#8221;full_width&#8221; angled_section=&#8221;no&#8221; text_align=&#8221;left&#8221; background_image_as_pattern=&#8221;without_pattern&#8221;][vc_column][vc_empty_space height=&#8221;62px&#8221;][\/vc_column][\/vc_row]<\/p>\n<\/div>","protected":false},"excerpt":{"rendered":"<p>[vc_row css_animation=&#8221;&#8221; row_type=&#8221;row&#8221; use_row_as_full_screen_section=&#8221;no&#8221; type=&#8221;full_width&#8221; angled_section=&#8221;no&#8221; text_align=&#8221;left&#8221; background_image_as_pattern=&#8221;without_pattern&#8221;][vc_column][rev_slider_vc alias=&#8221;home&#8221;][\/vc_column][\/vc_row][vc_row css_animation=&#8221;&#8221; row_type=&#8221;row&#8221; use_row_as_full_screen_section=&#8221;no&#8221; type=&#8221;full_width&#8221; angled_section=&#8221;no&#8221; text_align=&#8221;center&#8221; background_image_as_pattern=&#8221;without_pattern&#8221; z_index=&#8221;&#8221; css=&#8221;.vc_custom_1520868967488{padding-top: 76px !important;padding-bottom: 48px !important;}&#8221;][vc_column][vc_single_image image=&#8221;6&#8243; img_size=&#8221;full&#8221; alignment=&#8221;center&#8221; qode_css_animation=&#8221;&#8221;][vc_empty_space height=&#8221;19px&#8221;][vc_column_text] Welcome to the Hitscherhof [\/vc_column_text][\/vc_column][\/vc_row][vc_row css_animation=&#8221;&#8221; row_type=&#8221;row&#8221; use_row_as_full_screen_section=&#8221;no&#8221; type=&#8221;grid&#8221; angled_section=&#8221;no&#8221; text_align=&#8221;center&#8221; background_image_as_pattern=&#8221;without_pattern&#8221; z_index=&#8221;&#8221; css=&#8221;.vc_custom_1520870085389{padding-bottom: 110px !important;}&#8221;][vc_column css=&#8221;.vc_custom_1520931323397{padding-right: 10px&#8230;<\/p>\n","protected":false},"author":1,"featured_media":0,"parent":0,"menu_order":0,"comment_status":"closed","ping_status":"closed","template":"full_width.php","meta":{"_seopress_robots_primary_cat":"","_seopress_titles_title":"Hitscherhof - Ready turf - Pension - Farm store","_seopress_titles_desc":"Visit the Hitscherhof in the heart of the Palatinate Forest. Located directly on the beautiful golf course, we offer a farm store, guesthouse, ready lawns and much more.","_seopress_robots_index":"","footnotes":""},"class_list":["post-1289","page","type-page","status-publish","hentry"],"_links":{"self":[{"href":"https:\/\/www.hitscherhof.com\/en\/wp-json\/wp\/v2\/pages\/1289","targetHints":{"allow":["GET"]}}],"collection":[{"href":"https:\/\/www.hitscherhof.com\/en\/wp-json\/wp\/v2\/pages"}],"about":[{"href":"https:\/\/www.hitscherhof.com\/en\/wp-json\/wp\/v2\/types\/page"}],"author":[{"embeddable":true,"href":"https:\/\/www.hitscherhof.com\/en\/wp-json\/wp\/v2\/users\/1"}],"replies":[{"embeddable":true,"href":"https:\/\/www.hitscherhof.com\/en\/wp-json\/wp\/v2\/comments?post=1289"}],"version-history":[{"count":48,"href":"https:\/\/www.hitscherhof.com\/en\/wp-json\/wp\/v2\/pages\/1289\/revisions"}],"predecessor-version":[{"id":2445,"href":"https:\/\/www.hitscherhof.com\/en\/wp-json\/wp\/v2\/pages\/1289\/revisions\/2445"}],"wp:attachment":[{"href":"https:\/\/www.hitscherhof.com\/en\/wp-json\/wp\/v2\/media?parent=1289"}],"curies":[{"name":"wp","href":"https:\/\/api.w.org\/{rel}","templated":true}]}}